{"id":65,"date":"2026-04-09T22:23:47","date_gmt":"2026-04-09T22:23:47","guid":{"rendered":"https:\/\/kuala.click\/?page_id=65"},"modified":"2026-04-09T22:27:31","modified_gmt":"2026-04-09T22:27:31","slug":"politique-de-confidentialite","status":"publish","type":"page","link":"https:\/\/kuala.click\/?page_id=65&lang=fr","title":{"rendered":"Politique de confidentialit\u00e9"},"content":{"rendered":"\n<p>Politique de confidentialit\u00e9<\/p>\n\n\n\n<p>Derni\u00e8re mise \u00e0 jour&nbsp;: 9 avril 2026<\/p>\n\n\n\n<p>Forum Consulting respecte la vie priv\u00e9e des utilisateurs de son site web et s\u2019engage \u00e0 prot\u00e9ger leurs donn\u00e9es personnelles, conform\u00e9ment \u00e0 la l\u00e9gislation applicable en mati\u00e8re de protection des donn\u00e9es.<\/p>\n\n\n\n<ol class=\"wp-block-list\">\n<li>Responsable du traitement des donn\u00e9es<\/li>\n<\/ol>\n\n\n\n<p>L&#8217;entit\u00e9 responsable du traitement des donn\u00e9es personnelles collect\u00e9es via ce site web est&nbsp;:<\/p>\n\n\n\n<p>F\u00f3rum Casa Consulting \u2013 Consultadoria e Gest\u00e3o Lda<\/p>\n\n\n\n<p>CNPJ&nbsp;: 507322002<br>Rua Rui Barbosa 21<\/p>\n\n\n\n<p>4150-641 Porto<br>Courriel&nbsp;: geral.forum@gmail.com<\/p>\n\n\n\n<ol start=\"2\" class=\"wp-block-list\">\n<li>Donn\u00e9es collect\u00e9es<\/li>\n<\/ol>\n\n\n\n<p>Nous pouvons collecter les donn\u00e9es personnelles suivantes&nbsp;:<\/p>\n\n\n\n<p>nom<br>adresse courriel<br>entreprise<br>contenu du message envoy\u00e9 via le formulaire de contact<br>donn\u00e9es techniques de navigation, le cas \u00e9ch\u00e9ant<\/p>\n\n\n\n<ol start=\"3\" class=\"wp-block-list\">\n<li>Finalit\u00e9s du traitement<\/li>\n<\/ol>\n\n\n\n<p>Les donn\u00e9es personnelles sont trait\u00e9es aux fins suivantes&nbsp;:<\/p>\n\n\n\n<p>r\u00e9pondre aux demandes de contact et d&#8217;information<br>g\u00e9rer les communications relatives aux services fournis<br>assurer le fonctionnement, la s\u00e9curit\u00e9 et l&#8217;am\u00e9lioration du site web<br>respect des obligations l\u00e9gales, le cas \u00e9ch\u00e9ant<\/p>\n\n\n\n<ol start=\"4\" class=\"wp-block-list\">\n<li>Base juridique<\/li>\n<\/ol>\n\n\n\n<p>Le traitement des donn\u00e9es personnelles est effectu\u00e9 sur la base, selon le cas&nbsp;:<\/p>\n\n\n\n<p>mesures pr\u00e9contractuelles \u00e0 la demande de la personne concern\u00e9e<br>int\u00e9r\u00eat l\u00e9gitime Gestion et s\u00e9curit\u00e9 du site web<\/p>\n\n\n\n<p>Respect des obligations l\u00e9gales<\/p>\n\n\n\n<p>Consentement, lorsque la loi l&#8217;exige<\/p>\n\n\n\n<ol start=\"5\" class=\"wp-block-list\">\n<li>Conservation des donn\u00e9es<\/li>\n<\/ol>\n\n\n\n<p>Les donn\u00e9es personnelles seront conserv\u00e9es uniquement pendant la dur\u00e9e n\u00e9cessaire aux finalit\u00e9s pour lesquelles elles ont \u00e9t\u00e9 collect\u00e9es ou pendant la dur\u00e9e l\u00e9gale requise.<\/p>\n\n\n\n<ol start=\"6\" class=\"wp-block-list\">\n<li>Partage des donn\u00e9es<\/li>\n<\/ol>\n\n\n\n<p>Les donn\u00e9es personnelles ne seront ni vendues ni transf\u00e9r\u00e9es \u00e0 des tiers \u00e0 des fins commerciales. Elles pourront \u00eatre partag\u00e9es avec les prestataires de services qui assurent le fonctionnement du site web et la communication, toujours dans le respect d&#8217;une obligation de confidentialit\u00e9 et avec des garanties appropri\u00e9es.<\/p>\n\n\n\n<ol start=\"7\" class=\"wp-block-list\">\n<li>Droits de la personne concern\u00e9e<\/li>\n<\/ol>\n\n\n\n<p>Conform\u00e9ment \u00e0 la l\u00e9gislation applicable, la personne concern\u00e9e peut demander&nbsp;:<\/p>\n\n\n\n<p>l&#8217;acc\u00e8s \u00e0 ses donn\u00e9es personnelles&nbsp;;<\/p>\n\n\n\n<p>la rectification des donn\u00e9es inexactes ou incompl\u00e8tes&nbsp;;<\/p>\n\n\n\n<p>l&#8217;effacement des donn\u00e9es, le cas \u00e9ch\u00e9ant&nbsp;;<\/p>\n\n\n\n<p>la limitation du traitement&nbsp;;<\/p>\n\n\n\n<p>l&#8217;opposition au traitement, le cas \u00e9ch\u00e9ant&nbsp;;<\/p>\n\n\n\n<p>la portabilit\u00e9 des donn\u00e9es, dans les cas pr\u00e9vus par la loi.<\/p>\n\n\n\n<p>Pour exercer vos droits, vous pouvez nous contacter par courriel&nbsp;: geral.forum@gmail.com.<\/p>\n\n\n\n<ol start=\"8\" class=\"wp-block-list\">\n<li>R\u00e9clamation aupr\u00e8s de l&#8217;autorit\u00e9 de contr\u00f4le<\/li>\n<\/ol>\n\n\n\n<p>La personne concern\u00e9e a le droit d&#8217;introduire une r\u00e9clamation aupr\u00e8s de la Commission nationale de protection des donn\u00e9es (CNPD).<\/p>\n\n\n\n<ol start=\"9\" class=\"wp-block-list\">\n<li>S\u00e9curit\u00e9<\/li>\n<\/ol>\n\n\n\n<p>Forum Consulting met en \u0153uvre des mesures techniques et organisationnelles appropri\u00e9es pour prot\u00e9ger les donn\u00e9es personnelles contre la perte, l&#8217;utilisation abusive, l&#8217;acc\u00e8s non autoris\u00e9, la divulgation ou la destruction.<\/p>\n\n\n\n<ol start=\"10\" class=\"wp-block-list\">\n<li>Modifications de la politique<\/li>\n<\/ol>\n\n\n\n<p>La pr\u00e9sente politique de confidentialit\u00e9 peut \u00eatre mise \u00e0 jour p\u00e9riodiquement. Toute modification sera publi\u00e9e sur cette page.<\/p>\n","protected":false},"excerpt":{"rendered":"<p>Politique de confidentialit\u00e9 Derni\u00e8re mise \u00e0 jour&nbsp;: 9 avril 2026 Forum Consulting respecte la vie priv\u00e9e des utilisateurs de son site web et s\u2019engage \u00e0 prot\u00e9ger leurs donn\u00e9es personnelles, conform\u00e9ment \u00e0 la l\u00e9gislation applicable en mati\u00e8re de protection des donn\u00e9es. L&#8217;entit\u00e9 responsable du traitement des donn\u00e9es personnelles collect\u00e9es via ce site web est&nbsp;: F\u00f3rum Casa [&hellip;]<\/p>\n","protected":false},"author":1,"featured_media":0,"parent":0,"menu_order":0,"comment_status":"closed","ping_status":"closed","template":"elementor_theme","meta":{"_acf_changed":false,"footnotes":""},"class_list":["post-65","page","type-page","status-publish","hentry"],"acf":[],"_links":{"self":[{"href":"https:\/\/kuala.click\/index.php?rest_route=\/wp\/v2\/pages\/65","targetHints":{"allow":["GET"]}}],"collection":[{"href":"https:\/\/kuala.click\/index.php?rest_route=\/wp\/v2\/pages"}],"about":[{"href":"https:\/\/kuala.click\/index.php?rest_route=\/wp\/v2\/types\/page"}],"author":[{"embeddable":true,"href":"https:\/\/kuala.click\/index.php?rest_route=\/wp\/v2\/users\/1"}],"replies":[{"embeddable":true,"href":"https:\/\/kuala.click\/index.php?rest_route=%2Fwp%2Fv2%2Fcomments&post=65"}],"version-history":[{"count":1,"href":"https:\/\/kuala.click\/index.php?rest_route=\/wp\/v2\/pages\/65\/revisions"}],"predecessor-version":[{"id":66,"href":"https:\/\/kuala.click\/index.php?rest_route=\/wp\/v2\/pages\/65\/revisions\/66"}],"wp:attachment":[{"href":"https:\/\/kuala.click\/index.php?rest_route=%2Fwp%2Fv2%2Fmedia&parent=65"}],"curies":[{"name":"wp","href":"https:\/\/api.w.org\/{rel}","templated":true}]}}